{"id":149,"date":"2024-07-10T14:29:48","date_gmt":"2024-07-10T12:29:48","guid":{"rendered":"https:\/\/www.collomici.it\/?page_id=149"},"modified":"2024-07-29T11:39:29","modified_gmt":"2024-07-29T09:39:29","slug":"i-nostri-bb","status":"publish","type":"page","link":"https:\/\/www.collomici.it\/index.php\/i-nostri-bb\/","title":{"rendered":"I nostri B&#038;B"},"content":{"rendered":"\n<div class=\"wp-block-group\"><div class=\"wp-block-group__inner-container is-layout-constrained wp-block-group-is-layout-constrained\">\n<div class=\"wp-block-columns are-vertically-aligned-center is-layout-flex wp-container-core-columns-is-layout-1 wp-block-columns-is-layout-flex\">\n<div class=\"wp-block-column is-vertically-aligned-center is-layout-flow wp-block-column-is-layout-flow\">\n<div class=\"wp-block-group is-vertical is-layout-flex wp-container-core-group-is-layout-1 wp-block-group-is-layout-flex\">\n<h2 class=\"wp-block-heading has-black-color has-text-color has-link-color wp-elements-5221813c310afe449a1b74e561c2b65d\"><a href=\"https:\/\/www.collomici.it\/index.php\/appartamento-il-pianetto\/\" data-type=\"page\" data-id=\"221\">Appartamento Il Pianetto<\/a><span> <\/span><\/h2>\n\n\n\n<p class=\"has-text-align-left\">A 5 Km da San Casciano dei Bagni e da Celle Sul Rigo, e dotato di arredi essenziali, l&#8217;appartamento comprende una TV, un camino, un angolo cottura completamente attrezzato, e un bagno con asciugacapelli e set di cortesia.<br>L\u2019Appartamento Vacanze dista 15 km da Sarteano, Cetona, 20 km da Bagni San Filippo, 25 km da Chiusi e 40 minuti di auto dal Lago di Bolsena. <br>Come ospiti potrete usufruire di sconti sui trattamenti presso lo stabilimento termale di Fonte Verde, raggiungibile in 5 minuti di auto.<\/p>\n<\/div>\n<\/div>\n\n\n\n<div class=\"wp-block-column is-vertically-aligned-center is-layout-flow wp-block-column-is-layout-flow\">\n<figure class=\"wp-block-image size-large is-style-rounded\"><img loading=\"lazy\" decoding=\"async\" width=\"1024\" height=\"768\" src=\"https:\/\/www.collomici.it\/wp-content\/uploads\/2024\/07\/IMG_20131101_155225-1024x768.jpg\" alt=\"\" class=\"wp-image-202\" srcset=\"https:\/\/www.collomici.it\/wp-content\/uploads\/2024\/07\/IMG_20131101_155225-1024x768.jpg 1024w, https:\/\/www.collomici.it\/wp-content\/uploads\/2024\/07\/IMG_20131101_155225-300x225.jpg 300w, https:\/\/www.collomici.it\/wp-content\/uploads\/2024\/07\/IMG_20131101_155225-768x576.jpg 768w, https:\/\/www.collomici.it\/wp-content\/uploads\/2024\/07\/IMG_20131101_155225-1536x1152.jpg 1536w, https:\/\/www.collomici.it\/wp-content\/uploads\/2024\/07\/IMG_20131101_155225-2048x1536.jpg 2048w\" sizes=\"(max-width: 1024px) 100vw, 1024px\" \/><\/figure>\n\n\n\n<div class=\"wp-block-buttons is-content-justification-center is-layout-flex wp-container-core-buttons-is-layout-1 wp-block-buttons-is-layout-flex\" style=\"text-transform:uppercase\">\n<div class=\"wp-block-button is-style-fill\"><a class=\"wp-block-button__link has-background has-text-align-center wp-element-button\" href=\"https:\/\/www.collomici.it\/index.php\/appartamento-il-pianetto\/\" style=\"background-color:#9fc03b\">Vai alla struttura&#8230;!   <\/a><\/div>\n<\/div>\n<\/div>\n<\/div>\n<\/div><\/div>\n\n\n\n<hr class=\"wp-block-separator has-alpha-channel-opacity is-style-default\"\/>\n\n\n\n<div class=\"wp-block-group\"><div class=\"wp-block-group__inner-container is-layout-constrained wp-block-group-is-layout-constrained\">\n<div class=\"wp-block-columns are-vertically-aligned-center is-layout-flex wp-container-core-columns-is-layout-2 wp-block-columns-is-layout-flex\">\n<div class=\"wp-block-column is-vertically-aligned-center is-layout-flow wp-block-column-is-layout-flow\">\n<figure class=\"wp-block-image size-full is-style-rounded\"><img loading=\"lazy\" decoding=\"async\" width=\"800\" height=\"600\" src=\"https:\/\/www.collomici.it\/wp-content\/uploads\/2024\/07\/WhatsApp-Image-2018-03-07-at-07.32.292.jpeg\" alt=\"\" class=\"wp-image-238\" srcset=\"https:\/\/www.collomici.it\/wp-content\/uploads\/2024\/07\/WhatsApp-Image-2018-03-07-at-07.32.292.jpeg 800w, https:\/\/www.collomici.it\/wp-content\/uploads\/2024\/07\/WhatsApp-Image-2018-03-07-at-07.32.292-300x225.jpeg 300w, https:\/\/www.collomici.it\/wp-content\/uploads\/2024\/07\/WhatsApp-Image-2018-03-07-at-07.32.292-768x576.jpeg 768w\" sizes=\"(max-width: 800px) 100vw, 800px\" \/><\/figure>\n\n\n\n<div class=\"wp-block-buttons is-content-justification-center is-layout-flex wp-container-core-buttons-is-layout-2 wp-block-buttons-is-layout-flex\" style=\"text-transform:uppercase\">\n<div class=\"wp-block-button is-style-fill\"><a class=\"wp-block-button__link has-background has-text-align-center wp-element-button\" href=\"https:\/\/www.collomici.it\/index.php\/appartamento-zafferano\" style=\"background-color:#9fc03b\">Vai alla struttura&#8230;!   <\/a><\/div>\n<\/div>\n<\/div>\n\n\n\n<div class=\"wp-block-column is-vertically-aligned-center is-layout-flow wp-block-column-is-layout-flow\">\n<div class=\"wp-block-group is-vertical is-layout-flex wp-container-core-group-is-layout-3 wp-block-group-is-layout-flex\">\n<h2 class=\"wp-block-heading has-black-color has-text-color has-link-color wp-elements-a3b713ab0f043b42bf38cdf805296f37\"><a href=\"https:\/\/www.collomici.it\/index.php\/appartamento-zafferano\/\" data-type=\"page\" data-id=\"221\">Appartamento Zafferano<\/a><span> <\/span><\/h2>\n\n\n\n<p class=\"has-text-align-left\">Situato nello splendido centro storico di Citt\u00e0 della Pieve, l&#8217;Appartamento Zafferano dista pochi metri dal Duomo e si trova di fianco al &#8220;Bar Pippo&#8221;, famosissimo complice la fiction Carabinieri girata a Citt\u00e0 della Pieve ormai qualche anno fa.<\/p>\n\n\n\n<p>Dotato di tutti i confort, l&#8217;Appartamento Zafferano ha una cucina con ogni tipo di accessorio, divano letto matrimoniale e comodo bagno con doccia.<br>L\u2019Appartamento Zafferano \u00e8 ottimo per brevi o lunghi periodi di soggiorno, un angolo incantato per passare delle indimenticabili vacanze.<\/p>\n<\/div>\n<\/div>\n<\/div>\n<\/div><\/div>\n\n\n\n<hr class=\"wp-block-separator has-alpha-channel-opacity\"\/>\n\n\n\n<div class=\"wp-block-group\"><div class=\"wp-block-group__inner-container is-layout-constrained wp-block-group-is-layout-constrained\">\n<div class=\"wp-block-columns are-vertically-aligned-center is-layout-flex wp-container-core-columns-is-layout-3 wp-block-columns-is-layout-flex\">\n<div class=\"wp-block-column is-vertically-aligned-center is-layout-flow wp-block-column-is-layout-flow\">\n<div class=\"wp-block-group is-vertical is-layout-flex wp-container-core-group-is-layout-5 wp-block-group-is-layout-flex\">\n<h2 class=\"wp-block-heading has-black-color has-text-color has-link-color wp-elements-068669998ae1310c7cdaf6738244b412\"><a href=\"https:\/\/www.collomici.it\/index.php\/appartamento-etrusco\" data-type=\"page\" data-id=\"221\">Appartamento Etrusco<\/a><span> <\/span><\/h2>\n\n\n\n<p class=\"has-text-align-left\">Appartamento Etrusco \u00e8 situato nel centro storico di Chiusi Citt\u00e0 su un palazzo storico dominato palazzo Arunte, a pochi metri dal Duomo.<\/p>\n\n\n\n<p>Bilocale finemente arredato con tutti i Confort\u2026composto da una stanze dove troverete angolo cottura divano letto.. \u00e8 un letto soppalcato con un letto alla francese e un&#8217;altra stanza con il bagno. A pochi metri dall&#8217;appartamento si trova un parco da dove si pu\u00f2 godere il panorama della Val di Chiana.<\/p>\n<\/div>\n<\/div>\n\n\n\n<div class=\"wp-block-column is-vertically-aligned-center is-layout-flow wp-block-column-is-layout-flow\">\n<figure class=\"wp-block-image size-large is-style-rounded\"><img loading=\"lazy\" decoding=\"async\" width=\"1024\" height=\"768\" src=\"https:\/\/www.collomici.it\/wp-content\/uploads\/2024\/07\/IMG-20210115-WA0025-1024x768.jpg\" alt=\"\" class=\"wp-image-242\" srcset=\"https:\/\/www.collomici.it\/wp-content\/uploads\/2024\/07\/IMG-20210115-WA0025-1024x768.jpg 1024w, https:\/\/www.collomici.it\/wp-content\/uploads\/2024\/07\/IMG-20210115-WA0025-300x225.jpg 300w, https:\/\/www.collomici.it\/wp-content\/uploads\/2024\/07\/IMG-20210115-WA0025-768x576.jpg 768w, https:\/\/www.collomici.it\/wp-content\/uploads\/2024\/07\/IMG-20210115-WA0025-1536x1152.jpg 1536w, https:\/\/www.collomici.it\/wp-content\/uploads\/2024\/07\/IMG-20210115-WA0025.jpg 1600w\" sizes=\"(max-width: 1024px) 100vw, 1024px\" \/><\/figure>\n\n\n\n<div class=\"wp-block-buttons is-content-justification-center is-layout-flex wp-container-core-buttons-is-layout-3 wp-block-buttons-is-layout-flex\" style=\"text-transform:uppercase\">\n<div class=\"wp-block-button is-style-fill\"><a class=\"wp-block-button__link has-background has-text-align-center wp-element-button\" href=\"https:\/\/www.collomici.it\/index.php\/appartamento-etrusco\" style=\"background-color:#9fc03b\">Vai alla struttura&#8230;!   <\/a><\/div>\n<\/div>\n<\/div>\n<\/div>\n<\/div><\/div>\n\n\n\n<hr class=\"wp-block-separator has-alpha-channel-opacity\"\/>\n\n\n\n<div class=\"wp-block-group\"><div class=\"wp-block-group__inner-container is-layout-constrained wp-block-group-is-layout-constrained\">\n<div class=\"wp-block-columns are-vertically-aligned-center is-layout-flex wp-container-core-columns-is-layout-4 wp-block-columns-is-layout-flex\">\n<div class=\"wp-block-column is-vertically-aligned-center is-layout-flow wp-block-column-is-layout-flow\">\n<figure class=\"wp-block-image size-large is-style-rounded\"><img loading=\"lazy\" decoding=\"async\" width=\"1024\" height=\"768\" src=\"https:\/\/www.collomici.it\/wp-content\/uploads\/2024\/07\/IMG-20210115-WA0012-1024x768.jpg\" alt=\"\" class=\"wp-image-249\" srcset=\"https:\/\/www.collomici.it\/wp-content\/uploads\/2024\/07\/IMG-20210115-WA0012-1024x768.jpg 1024w, https:\/\/www.collomici.it\/wp-content\/uploads\/2024\/07\/IMG-20210115-WA0012-300x225.jpg 300w, https:\/\/www.collomici.it\/wp-content\/uploads\/2024\/07\/IMG-20210115-WA0012-768x576.jpg 768w, https:\/\/www.collomici.it\/wp-content\/uploads\/2024\/07\/IMG-20210115-WA0012-1536x1152.jpg 1536w, https:\/\/www.collomici.it\/wp-content\/uploads\/2024\/07\/IMG-20210115-WA0012.jpg 1600w\" sizes=\"(max-width: 1024px) 100vw, 1024px\" \/><\/figure>\n\n\n\n<div class=\"wp-block-buttons is-content-justification-center is-layout-flex wp-container-core-buttons-is-layout-4 wp-block-buttons-is-layout-flex\" style=\"text-transform:uppercase\">\n<div class=\"wp-block-button is-style-fill\"><a class=\"wp-block-button__link has-background has-text-align-center wp-element-button\" href=\"https:\/\/www.collomici.it\/index.php\/appartamento-il-teatro-degli-avvaloranti\/\" style=\"background-color:#9fc03b\">Vai alla struttura&#8230;!   <\/a><\/div>\n<\/div>\n<\/div>\n\n\n\n<div class=\"wp-block-column is-vertically-aligned-center is-layout-flow wp-block-column-is-layout-flow\">\n<div class=\"wp-block-group is-vertical is-layout-flex wp-container-core-group-is-layout-7 wp-block-group-is-layout-flex\">\n<h2 class=\"wp-block-heading has-black-color has-text-color has-link-color wp-elements-0cb1b42de9b290dcb6f560e55ada9954\"><a href=\"https:\/\/www.collomici.it\/index.php\/appartamento-il-teatro-degli-avvaloranti\/\" data-type=\"page\" data-id=\"221\">Appartamento Teatro degli Avvaloranti<\/a><span> <\/span><\/h2>\n\n\n\n<p class=\"has-text-align-left\">L&#8217;appartamento &#8220;Il Teatro degli Avvaloranti&#8221; \u00e8 situato nel centro storico di Citt\u00e0 della Pieve a pochissimi metri dalla piazza centrale.<br>\u00c8 composto da soggiorno con angolo cottura sala con divano letto matrimoniale camera da letto bagno e disimpegno\u2026 completamente ristrutturato. Sul piano superiore \u00e8 posto un bellissimo terrazzo dove potrete ammirare Citt\u00e0 della Pieve a 360\u00b0.<\/p>\n<\/div>\n<\/div>\n<\/div>\n<\/div><\/div>\n","protected":false},"excerpt":{"rendered":"<p>Appartamento Zafferano Situato nello splendido centro storico di Citt\u00e0 della Pieve, l&#8217;Appartamento Zafferano dista pochi &#8230; <\/p>\n<div class=\"text-center\"><a class=\"theme-btn\" href=\"https:\/\/www.collomici.it\/index.php\/i-nostri-bb\/\">Read More<\/a><\/div>\n","protected":false},"author":1,"featured_media":0,"parent":0,"menu_order":0,"comment_status":"closed","ping_status":"closed","template":"pro\/template-page-fullwidth.php","meta":{"footnotes":""},"class_list":["post-149","page","type-page","status-publish","hentry"],"_links":{"self":[{"href":"https:\/\/www.collomici.it\/index.php\/wp-json\/wp\/v2\/pages\/149"}],"collection":[{"href":"https:\/\/www.collomici.it\/index.php\/wp-json\/wp\/v2\/pages"}],"about":[{"href":"https:\/\/www.collomici.it\/index.php\/wp-json\/wp\/v2\/types\/page"}],"author":[{"embeddable":true,"href":"https:\/\/www.collomici.it\/index.php\/wp-json\/wp\/v2\/users\/1"}],"replies":[{"embeddable":true,"href":"https:\/\/www.collomici.it\/index.php\/wp-json\/wp\/v2\/comments?post=149"}],"version-history":[{"count":25,"href":"https:\/\/www.collomici.it\/index.php\/wp-json\/wp\/v2\/pages\/149\/revisions"}],"predecessor-version":[{"id":250,"href":"https:\/\/www.collomici.it\/index.php\/wp-json\/wp\/v2\/pages\/149\/revisions\/250"}],"wp:attachment":[{"href":"https:\/\/www.collomici.it\/index.php\/wp-json\/wp\/v2\/media?parent=149"}],"curies":[{"name":"wp","href":"https:\/\/api.w.org\/{rel}","templated":true}]}}